

{"id":1936,"date":"2024-10-25T10:55:19","date_gmt":"2024-10-25T10:55:19","guid":{"rendered":"https:\/\/raewood.ee\/?page_id=1936"},"modified":"2025-03-25T07:46:39","modified_gmt":"2025-03-25T07:46:39","slug":"eas-rahastus","status":"publish","type":"page","link":"https:\/\/raewood.ee\/fi\/eas-rahastus\/","title":{"rendered":"Toetatud algatused"},"content":{"rendered":"<p><strong>Projekt \u201eS\u00f5rmj\u00e4tkuliini soetamine ja ettev\u00f5tte FSC, PEFC ning EPD sertifitseerimine\u201c<\/strong><\/p>\n\n\n\n<p>Projekti \u201eS\u00f5rmj\u00e4tkuliini soetamine ja ettev\u00f5tte FSC, PEFC ning EPD sertifitseerimine\u201c eesm\u00e4rkideks on <strong>CO2 jalaj\u00e4lje v\u00e4hendamine, ringmajanduse \u00e4rimudeli juurutamine ja ettev\u00f5tte keskkonnas\u00f5bralikkuse suurendamine<\/strong> l\u00e4bi s\u00f5rmj\u00e4tkuliini soetamise ja paigalduse ning ettev\u00f5tte FSC ja PEFC ning EPD sertifitseerimise. Projekti tulemusena on paigaldatud s\u00f5rmj\u00e4tkuliin ning ettev\u00f5te on omandanud FSC, PEFC ja EPD sertifikaadid.<\/p>\n\n\n\n<p>Projekti rahastatakse Euroopa Liidu taasterahastu NextGenerationEU vahenditest.<\/p>\n\n\n\n<p>Toetuse suurus: 109 894,20\u20ac<\/p>\n\n\n\n<p>Projekti periood: 01.2025 \u2013 06.2026<\/p>\n\n\n\n<figure class=\"wp-block-image size-full is-resized\"><img loading=\"lazy\" decoding=\"async\" width=\"1022\" height=\"574\" src=\"https:\/\/raewood.ee\/wp-content\/uploads\/2025\/03\/1022-574-max.png\" alt=\"\" class=\"wp-image-1971\" style=\"width:390px;height:auto\" srcset=\"https:\/\/raewood.ee\/wp-content\/uploads\/2025\/03\/1022-574-max.png 1022w, https:\/\/raewood.ee\/wp-content\/uploads\/2025\/03\/1022-574-max-300x168.png 300w, https:\/\/raewood.ee\/wp-content\/uploads\/2025\/03\/1022-574-max-768x431.png 768w, https:\/\/raewood.ee\/wp-content\/uploads\/2025\/03\/1022-574-max-18x10.png 18w\" sizes=\"(max-width: 1022px) 100vw, 1022px\" \/><\/figure>\n\n\n\n<p><strong>Roheauditi l\u00e4biviimine ettev\u00f5ttes Voller Tootmine O\u00dc<\/strong><\/p>\n\n\n\n<p>Ettev\u00f5ttes l\u00e4biviidud roheaudit keskendus ettev\u00f5tte keskkonnam\u00f5jude ja rohev\u00f5imekuse hindamisele, uurides tootmise olelusringi ja \u00e4rimudeli ringluse aspekte. Auditist koostatud roheteekaart sisaldab soovitusi ja praktilisi samme, et v\u00e4hendada keskkonnam\u00f5jusid ning edendada kestlikkust, sealhulgas energiat\u00f5hususe suurendamist ja j\u00e4\u00e4tmek\u00e4itluse parendamist.<\/p>\n\n\n\n<p>Projekti peamine eesm\u00e4rk oli v\u00e4lja t\u00f6\u00f6tada ulatuslik roheline tegevuskava, mis toetab Voller Tootmise keskkonnam\u00f5jude v\u00e4hendamist, ringmajanduse p\u00f5him\u00f5tete integreerimist tootmisprotsessidesse ning konkurentsiv\u00f5ime t\u00f5stmist keskkonnas\u00f5bralike toodete arendamise kaudu.<\/p>\n\n\n\n<p>Roheauditi k\u00e4igus t\u00f5usis ettev\u00f5tte teadlikkus oma keskkonnam\u00f5judest ning senistest tegevustest. Projekti raames saadud soovitused aitavad Voller Tootmisel tulevikus saavutada suuremat j\u00e4tkusuutlikkust ja keskkonnas\u00f5bralikke tegevusprotsesse. Roheteekaart sisaldab konkreetseid meetmeid, mis toetavad rohep\u00f6\u00f6rde elluviimist ja ettev\u00f5tte pikaajalise konkurentsiv\u00f5ime suurendamist.<\/p>\n\n\n\n<p>Projekti rahastatakse Euroopa Liidu taasterahastu NextGenerationEU vahenditest.<\/p>\n\n\n\n<p>Toetuse suurus: 7900\u20ac<\/p>\n\n\n\n<figure class=\"wp-block-image size-full is-resized\"><img loading=\"lazy\" decoding=\"async\" width=\"1022\" height=\"574\" src=\"https:\/\/raewood.ee\/wp-content\/uploads\/2025\/03\/1022-574-max.png\" alt=\"\" class=\"wp-image-1971\" style=\"width:390px;height:auto\" srcset=\"https:\/\/raewood.ee\/wp-content\/uploads\/2025\/03\/1022-574-max.png 1022w, https:\/\/raewood.ee\/wp-content\/uploads\/2025\/03\/1022-574-max-300x168.png 300w, https:\/\/raewood.ee\/wp-content\/uploads\/2025\/03\/1022-574-max-768x431.png 768w, https:\/\/raewood.ee\/wp-content\/uploads\/2025\/03\/1022-574-max-18x10.png 18w\" sizes=\"(max-width: 1022px) 100vw, 1022px\" \/><\/figure>\n\n\n\n<p><\/p>","protected":false},"excerpt":{"rendered":"<p>Projekt \u201eS\u00f5rmj\u00e4tkuliini soetamine ja ettev\u00f5tte FSC, PEFC ning EPD sertifitseerimine\u201c Projekti \u201eS\u00f5rmj\u00e4tkuliini soetamine ja ettev\u00f5tte FSC, PEFC ning EPD sertifitseerimine\u201c eesm\u00e4rkideks on CO2 jalaj\u00e4lje v\u00e4hendamine, ringmajanduse \u00e4rimudeli juurutamine ja ettev\u00f5tte keskkonnas\u00f5bralikkuse suurendamine l\u00e4bi s\u00f5rmj\u00e4tkuliini soetamise ja paigalduse ning ettev\u00f5tte FSC ja PEFC ning EPD sertifitseerimise. Projekti tulemusena on paigaldatud s\u00f5rmj\u00e4tkuliin ning ettev\u00f5te on omandanud FSC, [&hellip;]<\/p>","protected":false},"author":1,"featured_media":0,"parent":0,"menu_order":0,"comment_status":"closed","ping_status":"closed","template":"","meta":{"_acf_changed":false,"footnotes":""},"class_list":["post-1936","page","type-page","status-publish","hentry"],"acf":[],"_links":{"self":[{"href":"https:\/\/raewood.ee\/fi\/wp-json\/wp\/v2\/pages\/1936"}],"collection":[{"href":"https:\/\/raewood.ee\/fi\/wp-json\/wp\/v2\/pages"}],"about":[{"href":"https:\/\/raewood.ee\/fi\/wp-json\/wp\/v2\/types\/page"}],"author":[{"embeddable":true,"href":"https:\/\/raewood.ee\/fi\/wp-json\/wp\/v2\/users\/1"}],"replies":[{"embeddable":true,"href":"https:\/\/raewood.ee\/fi\/wp-json\/wp\/v2\/comments?post=1936"}],"version-history":[{"count":7,"href":"https:\/\/raewood.ee\/fi\/wp-json\/wp\/v2\/pages\/1936\/revisions"}],"predecessor-version":[{"id":1972,"href":"https:\/\/raewood.ee\/fi\/wp-json\/wp\/v2\/pages\/1936\/revisions\/1972"}],"wp:attachment":[{"href":"https:\/\/raewood.ee\/fi\/wp-json\/wp\/v2\/media?parent=1936"}],"curies":[{"name":"wp","href":"https:\/\/api.w.org\/{rel}","templated":true}]}}